{"id":255,"date":"2022-11-10T14:13:39","date_gmt":"2022-11-10T14:13:39","guid":{"rendered":"https:\/\/export.mercurytheme.com\/001\/?page_id=255"},"modified":"2023-08-04T09:01:54","modified_gmt":"2023-08-04T09:01:54","slug":"news","status":"publish","type":"page","link":"https:\/\/kickbol.com\/fr\/news\/","title":{"rendered":"Nouvelles"},"content":{"rendered":"<h2 class=\"wp-block-heading\">Actualit\u00e9s du football<\/h2>\n\n\n\n<p>Cette page pr\u00e9sente les actualit\u00e9s footballistiques de toutes les ligues de football les plus importantes du monde. Lisez des articles d\u00e9taill\u00e9s sur l&#039;histoire des ligues et des \u00e9quipes.<\/p>","protected":false},"excerpt":{"rendered":"<p>Actualit\u00e9s du football Cette page pr\u00e9sente les actualit\u00e9s du football de toutes les meilleures ligues de football du monde. Lisez des articles d\u00e9taill\u00e9s sur l&#039;histoire des ligues et des \u00e9quipes.<\/p>","protected":false},"author":1,"featured_media":0,"parent":0,"menu_order":0,"comment_status":"closed","ping_status":"closed","template":"page-blog.php","meta":{"footnotes":""},"class_list":["post-255","page","type-page","status-publish","hentry"],"yoast_head":"<!-- This site is optimized with the Yoast SEO plugin v27.3 - https:\/\/yoast.com\/product\/yoast-seo-wordpress\/ -->\n<title>News - Kickbol<\/title>\n<meta name=\"robots\" content=\"index, follow, max-snippet:-1, max-image-preview:large, max-video-preview:-1\" \/>\n<link rel=\"canonical\" href=\"https:\/\/kickbol.com\/fr\/news\/\" \/>\n<meta property=\"og:locale\" content=\"fr_FR\" \/>\n<meta property=\"og:type\" content=\"article\" \/>\n<meta property=\"og:title\" content=\"News - Kickbol\" \/>\n<meta property=\"og:description\" content=\"Football News This page will feature football news from all the top soccer leagues in the world. Read detailed articles on the leagues and teams histories.\" \/>\n<meta property=\"og:url\" content=\"https:\/\/kickbol.com\/fr\/news\/\" \/>\n<meta property=\"og:site_name\" content=\"Kickbol\" \/>\n<meta property=\"article:modified_time\" content=\"2023-08-04T09:01:54+00:00\" \/>\n<meta name=\"twitter:card\" content=\"summary_large_image\" \/>\n<meta name=\"twitter:label1\" content=\"Dur\u00e9e de lecture estim\u00e9e\" \/>\n\t<meta name=\"twitter:data1\" content=\"1 minute\" \/>\n<script type=\"application\/ld+json\" class=\"yoast-schema-graph\">{\"@context\":\"https:\\\/\\\/schema.org\",\"@graph\":[{\"@type\":\"WebPage\",\"@id\":\"https:\\\/\\\/kickbol.com\\\/news\\\/\",\"url\":\"https:\\\/\\\/kickbol.com\\\/news\\\/\",\"name\":\"News - Kickbol\",\"isPartOf\":{\"@id\":\"http:\\\/\\\/kickbol.com\\\/#website\"},\"datePublished\":\"2022-11-10T14:13:39+00:00\",\"dateModified\":\"2023-08-04T09:01:54+00:00\",\"breadcrumb\":{\"@id\":\"https:\\\/\\\/kickbol.com\\\/news\\\/#breadcrumb\"},\"inLanguage\":\"fr-FR\",\"potentialAction\":[{\"@type\":\"ReadAction\",\"target\":[\"https:\\\/\\\/kickbol.com\\\/news\\\/\"]}]},{\"@type\":\"BreadcrumbList\",\"@id\":\"https:\\\/\\\/kickbol.com\\\/news\\\/#breadcrumb\",\"itemListElement\":[{\"@type\":\"ListItem\",\"position\":1,\"name\":\"Home\",\"item\":\"https:\\\/\\\/kickbol.com\\\/\"},{\"@type\":\"ListItem\",\"position\":2,\"name\":\"News\"}]},{\"@type\":\"WebSite\",\"@id\":\"http:\\\/\\\/kickbol.com\\\/#website\",\"url\":\"http:\\\/\\\/kickbol.com\\\/\",\"name\":\"Kickbol\",\"description\":\"\",\"publisher\":{\"@id\":\"http:\\\/\\\/kickbol.com\\\/#organization\"},\"potentialAction\":[{\"@type\":\"SearchAction\",\"target\":{\"@type\":\"EntryPoint\",\"urlTemplate\":\"http:\\\/\\\/kickbol.com\\\/?s={search_term_string}\"},\"query-input\":{\"@type\":\"PropertyValueSpecification\",\"valueRequired\":true,\"valueName\":\"search_term_string\"}}],\"inLanguage\":\"fr-FR\"},{\"@type\":\"Organization\",\"@id\":\"http:\\\/\\\/kickbol.com\\\/#organization\",\"name\":\"Kickbol\",\"url\":\"http:\\\/\\\/kickbol.com\\\/\",\"logo\":{\"@type\":\"ImageObject\",\"inLanguage\":\"fr-FR\",\"@id\":\"http:\\\/\\\/kickbol.com\\\/#\\\/schema\\\/logo\\\/image\\\/\",\"url\":\"https:\\\/\\\/kickbol.com\\\/wp-content\\\/uploads\\\/2024\\\/09\\\/cropped-DALL\u00b7E-2024-09-19-10.49.34-A-modern-logo-for-Kickbol.com-a-soccer-statistics-website.-The-logo-features-a-sleek-soccer-ball-with-subtle-graph-or-chart-lines-incorporated-into-i.webp\",\"contentUrl\":\"https:\\\/\\\/kickbol.com\\\/wp-content\\\/uploads\\\/2024\\\/09\\\/cropped-DALL\u00b7E-2024-09-19-10.49.34-A-modern-logo-for-Kickbol.com-a-soccer-statistics-website.-The-logo-features-a-sleek-soccer-ball-with-subtle-graph-or-chart-lines-incorporated-into-i.webp\",\"width\":1024,\"height\":693,\"caption\":\"Kickbol\"},\"image\":{\"@id\":\"http:\\\/\\\/kickbol.com\\\/#\\\/schema\\\/logo\\\/image\\\/\"}}]}<\/script>\n<!-- \/ Yoast SEO plugin. -->","yoast_head_json":{"title":"News - Kickbol","robots":{"index":"index","follow":"follow","max-snippet":"max-snippet:-1","max-image-preview":"max-image-preview:large","max-video-preview":"max-video-preview:-1"},"canonical":"https:\/\/kickbol.com\/fr\/news\/","og_locale":"fr_FR","og_type":"article","og_title":"News - Kickbol","og_description":"Football News This page will feature football news from all the top soccer leagues in the world. Read detailed articles on the leagues and teams histories.","og_url":"https:\/\/kickbol.com\/fr\/news\/","og_site_name":"Kickbol","article_modified_time":"2023-08-04T09:01:54+00:00","twitter_card":"summary_large_image","twitter_misc":{"Dur\u00e9e de lecture estim\u00e9e":"1 minute"},"schema":{"@context":"https:\/\/schema.org","@graph":[{"@type":"WebPage","@id":"https:\/\/kickbol.com\/news\/","url":"https:\/\/kickbol.com\/news\/","name":"News - Kickbol","isPartOf":{"@id":"http:\/\/kickbol.com\/#website"},"datePublished":"2022-11-10T14:13:39+00:00","dateModified":"2023-08-04T09:01:54+00:00","breadcrumb":{"@id":"https:\/\/kickbol.com\/news\/#breadcrumb"},"inLanguage":"fr-FR","potentialAction":[{"@type":"ReadAction","target":["https:\/\/kickbol.com\/news\/"]}]},{"@type":"BreadcrumbList","@id":"https:\/\/kickbol.com\/news\/#breadcrumb","itemListElement":[{"@type":"ListItem","position":1,"name":"Home","item":"https:\/\/kickbol.com\/"},{"@type":"ListItem","position":2,"name":"News"}]},{"@type":"WebSite","@id":"http:\/\/kickbol.com\/#website","url":"http:\/\/kickbol.com\/","name":"Kickbol","description":"","publisher":{"@id":"http:\/\/kickbol.com\/#organization"},"potentialAction":[{"@type":"SearchAction","target":{"@type":"EntryPoint","urlTemplate":"http:\/\/kickbol.com\/?s={search_term_string}"},"query-input":{"@type":"PropertyValueSpecification","valueRequired":true,"valueName":"search_term_string"}}],"inLanguage":"fr-FR"},{"@type":"Organization","@id":"http:\/\/kickbol.com\/#organization","name":"Kickbol","url":"http:\/\/kickbol.com\/","logo":{"@type":"ImageObject","inLanguage":"fr-FR","@id":"http:\/\/kickbol.com\/#\/schema\/logo\/image\/","url":"https:\/\/kickbol.com\/wp-content\/uploads\/2024\/09\/cropped-DALL\u00b7E-2024-09-19-10.49.34-A-modern-logo-for-Kickbol.com-a-soccer-statistics-website.-The-logo-features-a-sleek-soccer-ball-with-subtle-graph-or-chart-lines-incorporated-into-i.webp","contentUrl":"https:\/\/kickbol.com\/wp-content\/uploads\/2024\/09\/cropped-DALL\u00b7E-2024-09-19-10.49.34-A-modern-logo-for-Kickbol.com-a-soccer-statistics-website.-The-logo-features-a-sleek-soccer-ball-with-subtle-graph-or-chart-lines-incorporated-into-i.webp","width":1024,"height":693,"caption":"Kickbol"},"image":{"@id":"http:\/\/kickbol.com\/#\/schema\/logo\/image\/"}}]}},"_links":{"self":[{"href":"https:\/\/kickbol.com\/fr\/wp-json\/wp\/v2\/pages\/255","targetHints":{"allow":["GET"]}}],"collection":[{"href":"https:\/\/kickbol.com\/fr\/wp-json\/wp\/v2\/pages"}],"about":[{"href":"https:\/\/kickbol.com\/fr\/wp-json\/wp\/v2\/types\/page"}],"author":[{"embeddable":true,"href":"https:\/\/kickbol.com\/fr\/wp-json\/wp\/v2\/users\/1"}],"replies":[{"embeddable":true,"href":"https:\/\/kickbol.com\/fr\/wp-json\/wp\/v2\/comments?post=255"}],"version-history":[{"count":1,"href":"https:\/\/kickbol.com\/fr\/wp-json\/wp\/v2\/pages\/255\/revisions"}],"predecessor-version":[{"id":478,"href":"https:\/\/kickbol.com\/fr\/wp-json\/wp\/v2\/pages\/255\/revisions\/478"}],"wp:attachment":[{"href":"https:\/\/kickbol.com\/fr\/wp-json\/wp\/v2\/media?parent=255"}],"curies":[{"name":"wp","href":"https:\/\/api.w.org\/{rel}","templated":true}]}}